{"id":9666,"date":"2024-07-17T15:24:08","date_gmt":"2024-07-17T12:24:08","guid":{"rendered":"https:\/\/bodruminstitute.com\/?page_id=9666"},"modified":"2025-01-31T23:25:35","modified_gmt":"2025-01-31T20:25:35","slug":"press","status":"publish","type":"page","link":"https:\/\/bodruminstitute.com\/en\/press\/","title":{"rendered":"Press"},"content":{"rendered":"\t\t<div data-elementor-type=\"wp-page\" data-elementor-id=\"9666\" class=\"elementor elementor-9666\" data-elementor-post-type=\"page\">\n\t\t\t\t<div class=\"elementor-element elementor-element-258b4b9 e-flex e-con-boxed e-con e-parent\" data-id=\"258b4b9\" data-element_type=\"container\">\n\t\t\t\t\t<div class=\"e-con-inner\">\n\t\t\t\t<div class=\"elementor-element elementor-element-16466ca elementor-widget elementor-widget-ct_page_title\" data-id=\"16466ca\" data-element_type=\"widget\" data-widget_type=\"ct_page_title.default\">\n\t\t\t\t<div class=\"elementor-widget-container\">\n\t\t\t<h1 class=\"ct-page-title\">Press<\/h1>\t\t<\/div>\n\t\t\t\t<\/div>\n\t\t\t\t\t<\/div>\n\t\t\t\t<\/div>\n\t\t<div class=\"elementor-element elementor-element-ed3eb32 e-flex e-con-boxed e-con e-parent\" data-id=\"ed3eb32\" data-element_type=\"container\">\n\t\t\t\t\t<div class=\"e-con-inner\">\n\t\t\t\t<div class=\"elementor-element elementor-element-e678b59 elementor-grid-3 elementor-grid-tablet-2 elementor-grid-mobile-1 elementor-posts--thumbnail-top elementor-card-shadow-yes elementor-posts__hover-gradient elementor-widget elementor-widget-posts\" data-id=\"e678b59\" data-element_type=\"widget\" data-settings=\"{&quot;pagination_type&quot;:&quot;load_more_infinite_scroll&quot;,&quot;cards_columns&quot;:&quot;3&quot;,&quot;cards_columns_tablet&quot;:&quot;2&quot;,&quot;cards_columns_mobile&quot;:&quot;1&quot;,&quot;cards_row_gap&quot;:{&quot;unit&quot;:&quot;px&quot;,&quot;size&quot;:35,&quot;sizes&quot;:[]},&quot;cards_row_gap_tablet&quot;:{&quot;unit&quot;:&quot;px&quot;,&quot;size&quot;:&quot;&quot;,&quot;sizes&quot;:[]},&quot;cards_row_gap_mobile&quot;:{&quot;unit&quot;:&quot;px&quot;,&quot;size&quot;:&quot;&quot;,&quot;sizes&quot;:[]},&quot;load_more_spinner&quot;:{&quot;value&quot;:&quot;fas fa-spinner&quot;,&quot;library&quot;:&quot;fa-solid&quot;}}\" data-widget_type=\"posts.cards\">\n\t\t\t\t<div class=\"elementor-widget-container\">\n\t\t\t<link rel=\"stylesheet\" href=\"https:\/\/bodruminstitute.com\/wp-content\/plugins\/pro-elements\/assets\/css\/widget-posts.min.css?ver=1724325159\">\t\t<div class=\"elementor-posts-container elementor-posts elementor-posts--skin-cards elementor-grid\">\n\t\t\t\t<article class=\"elementor-post elementor-grid-item post-8804 post type-post status-publish format-standard has-post-thumbnail hentry category-activities category-press\">\n\t\t\t<div class=\"elementor-post__card\">\n\t\t\t\t<a class=\"elementor-post__thumbnail__link\" href=\"https:\/\/bodruminstitute.com\/en\/trt-radio-1-participation-to-inside-the-night-program\/\" tabindex=\"-1\" ><div class=\"elementor-post__thumbnail\"><img fetchpriority=\"high\" decoding=\"async\" width=\"300\" height=\"200\" src=\"https:\/\/bodruminstitute.com\/wp-content\/uploads\/2022\/06\/trt-radio-1-inside-the-night_2022-06-26_1_1000x666.png\" class=\"attachment-medium size-medium wp-image-8806\" alt=\"\" \/><\/div><\/a>\n\t\t\t\t<div class=\"elementor-post__text\">\n\t\t\t\t<h3 class=\"elementor-post__title\">\n\t\t\t<a href=\"https:\/\/bodruminstitute.com\/en\/trt-radio-1-participation-to-inside-the-night-program\/\" >\n\t\t\t\tTRT Radio-1 Participation to Inside the Night Program\t\t\t<\/a>\n\t\t<\/h3>\n\t\t\t\t<div class=\"elementor-post__excerpt\">\n\t\t\t<p>Bodrum+&nbsp;Institute&nbsp;Coordinator&nbsp;Prof.Dr. Haldun Yal\u00e7\u0131nkaya&nbsp;participated in the TRT Radio-1 Inside the Night program (Prepared and Presented by M\u00fcge T\u00fcz\u00fcn Ger\u00e7ek &#8211; Ece Aky\u00fcz) on June 26, 2022,<\/p>\n\t\t<\/div>\n\t\t\n\t\t<a class=\"elementor-post__read-more\" href=\"https:\/\/bodruminstitute.com\/en\/trt-radio-1-participation-to-inside-the-night-program\/\" aria-label=\"Read more about TRT Radio-1 Participation to Inside the Night Program\" tabindex=\"-1\" >\n\t\t\tRead More \u00bb\t\t<\/a>\n\n\t\t\t\t<\/div>\n\t\t\t\t<div class=\"elementor-post__meta-data\">\n\t\t\t\t\t<span class=\"elementor-post-date\">\n\t\t\tSeptember 10, 2024\t\t<\/span>\n\t\t\t\t<\/div>\n\t\t\t\t\t<\/div>\n\t\t<\/article>\n\t\t\t\t<article class=\"elementor-post elementor-grid-item post-9664 post type-post status-publish format-standard has-post-thumbnail hentry category-press\">\n\t\t\t<div class=\"elementor-post__card\">\n\t\t\t\t<a class=\"elementor-post__thumbnail__link\" href=\"https:\/\/bodruminstitute.com\/en\/science-among-the-tangerine-orchards\/\" tabindex=\"-1\" ><div class=\"elementor-post__thumbnail\"><img decoding=\"async\" width=\"300\" height=\"225\" src=\"https:\/\/bodruminstitute.com\/wp-content\/uploads\/2024\/06\/WhatsApp-Image-2024-06-13-at-15.49.42.jpeg\" class=\"attachment-medium size-medium wp-image-9121\" alt=\"\" \/><\/div><\/a>\n\t\t\t\t<div class=\"elementor-post__text\">\n\t\t\t\t<h3 class=\"elementor-post__title\">\n\t\t\t<a href=\"https:\/\/bodruminstitute.com\/en\/science-among-the-tangerine-orchards\/\" >\n\t\t\t\tScience Among the Tangerine Orchards\t\t\t<\/a>\n\t\t<\/h3>\n\t\t\t\t<div class=\"elementor-post__excerpt\">\n\t\t\t<p>Our Bodrum+ Institute Coordinator Prof. Dr. Haldun Yal\u00e7\u0131nkaya interviewed Devrim Devecio\u011flu for @GazeteOksijen\u2018s 78th issue (June 17-23). https:\/\/gazeteoksijen.com\/yazarlar\/devrim-devecioglu\/mandalina-bahceleri-arasinda-bilim-156203<\/p>\n\t\t<\/div>\n\t\t\n\t\t<a class=\"elementor-post__read-more\" href=\"https:\/\/bodruminstitute.com\/en\/science-among-the-tangerine-orchards\/\" aria-label=\"Read more about Science Among the Tangerine Orchards\" tabindex=\"-1\" >\n\t\t\tRead More \u00bb\t\t<\/a>\n\n\t\t\t\t<\/div>\n\t\t\t\t<div class=\"elementor-post__meta-data\">\n\t\t\t\t\t<span class=\"elementor-post-date\">\n\t\t\tAugust 31, 2024\t\t<\/span>\n\t\t\t\t<\/div>\n\t\t\t\t\t<\/div>\n\t\t<\/article>\n\t\t\t\t<\/div>\n\t\t\t\t\t<span class=\"e-load-more-spinner\">\n\t\t\t\t<i aria-hidden=\"true\" class=\"fas fa-spinner\"><\/i>\t\t\t<\/span>\n\t\t\n\t\t\t\t<\/div>\n\t\t\t\t<\/div>\n\t\t\t\t\t<\/div>\n\t\t\t\t<\/div>\n\t\t\t\t<\/div>\n\t\t","protected":false},"excerpt":{"rendered":"<p>Press<\/p>\n","protected":false},"author":1,"featured_media":0,"parent":0,"menu_order":0,"comment_status":"closed","ping_status":"closed","template":"","meta":{"footnotes":""},"class_list":["post-9666","page","type-page","status-publish","hentry"],"yoast_head":"<!-- This site is optimized with the Yoast SEO plugin v23.3 - https:\/\/yoast.com\/wordpress\/plugins\/seo\/ -->\n<title>Press - Bodrum Institute<\/title>\n<meta name=\"robots\" content=\"index, follow, max-snippet:-1, max-image-preview:large, max-video-preview:-1\" \/>\n<link rel=\"canonical\" href=\"https:\/\/bodruminstitute.com\/basinda-biz\/\" \/>\n<meta property=\"og:locale\" content=\"en_US\" \/>\n<meta property=\"og:type\" content=\"article\" \/>\n<meta property=\"og:title\" content=\"Press - Bodrum Institute\" \/>\n<meta property=\"og:description\" content=\"Press\" \/>\n<meta property=\"og:url\" content=\"https:\/\/bodruminstitute.com\/basinda-biz\/\" \/>\n<meta property=\"og:site_name\" content=\"Bodrum Institute\" \/>\n<meta property=\"article:modified_time\" content=\"2025-01-31T20:25:35+00:00\" \/>\n<meta name=\"twitter:card\" content=\"summary_large_image\" \/>\n<meta name=\"twitter:label1\" content=\"Est. reading time\" \/>\n\t<meta name=\"twitter:data1\" content=\"1 minute\" \/>\n<script type=\"application\/ld+json\" class=\"yoast-schema-graph\">{\"@context\":\"https:\/\/schema.org\",\"@graph\":[{\"@type\":\"WebPage\",\"@id\":\"https:\/\/bodruminstitute.com\/basinda-biz\/\",\"url\":\"https:\/\/bodruminstitute.com\/basinda-biz\/\",\"name\":\"Press - Bodrum Institute\",\"isPartOf\":{\"@id\":\"https:\/\/bodruminstitute.com\/#website\"},\"datePublished\":\"2024-07-17T12:24:08+00:00\",\"dateModified\":\"2025-01-31T20:25:35+00:00\",\"breadcrumb\":{\"@id\":\"https:\/\/bodruminstitute.com\/basinda-biz\/#breadcrumb\"},\"inLanguage\":\"en-US\",\"potentialAction\":[{\"@type\":\"ReadAction\",\"target\":[\"https:\/\/bodruminstitute.com\/basinda-biz\/\"]}]},{\"@type\":\"BreadcrumbList\",\"@id\":\"https:\/\/bodruminstitute.com\/basinda-biz\/#breadcrumb\",\"itemListElement\":[{\"@type\":\"ListItem\",\"position\":1,\"name\":\"Home\",\"item\":\"https:\/\/bodruminstitute.com\/\"},{\"@type\":\"ListItem\",\"position\":2,\"name\":\"Press\"}]},{\"@type\":\"WebSite\",\"@id\":\"https:\/\/bodruminstitute.com\/#website\",\"url\":\"https:\/\/bodruminstitute.com\/\",\"name\":\"Bodrum Institute\",\"description\":\"\",\"publisher\":{\"@id\":\"https:\/\/bodruminstitute.com\/#organization\"},\"potentialAction\":[{\"@type\":\"SearchAction\",\"target\":{\"@type\":\"EntryPoint\",\"urlTemplate\":\"https:\/\/bodruminstitute.com\/?s={search_term_string}\"},\"query-input\":\"required name=search_term_string\"}],\"inLanguage\":\"en-US\"},{\"@type\":\"Organization\",\"@id\":\"https:\/\/bodruminstitute.com\/#organization\",\"name\":\"Bodrum Institute\",\"url\":\"https:\/\/bodruminstitute.com\/\",\"logo\":{\"@type\":\"ImageObject\",\"inLanguage\":\"en-US\",\"@id\":\"https:\/\/bodruminstitute.com\/#\/schema\/logo\/image\/\",\"url\":\"https:\/\/bodruminstitute.com\/wp-content\/uploads\/2024\/06\/Bodrum-Institute-Logo_PNG.png\",\"contentUrl\":\"https:\/\/bodruminstitute.com\/wp-content\/uploads\/2024\/06\/Bodrum-Institute-Logo_PNG.png\",\"width\":6912,\"height\":3456,\"caption\":\"Bodrum Institute\"},\"image\":{\"@id\":\"https:\/\/bodruminstitute.com\/#\/schema\/logo\/image\/\"}}]}<\/script>\n<!-- \/ Yoast SEO plugin. -->","yoast_head_json":{"title":"Press - Bodrum Institute","robots":{"index":"index","follow":"follow","max-snippet":"max-snippet:-1","max-image-preview":"max-image-preview:large","max-video-preview":"max-video-preview:-1"},"canonical":"https:\/\/bodruminstitute.com\/basinda-biz\/","og_locale":"en_US","og_type":"article","og_title":"Press - Bodrum Institute","og_description":"Press","og_url":"https:\/\/bodruminstitute.com\/basinda-biz\/","og_site_name":"Bodrum Institute","article_modified_time":"2025-01-31T20:25:35+00:00","twitter_card":"summary_large_image","twitter_misc":{"Est. reading time":"1 minute"},"schema":{"@context":"https:\/\/schema.org","@graph":[{"@type":"WebPage","@id":"https:\/\/bodruminstitute.com\/basinda-biz\/","url":"https:\/\/bodruminstitute.com\/basinda-biz\/","name":"Press - Bodrum Institute","isPartOf":{"@id":"https:\/\/bodruminstitute.com\/#website"},"datePublished":"2024-07-17T12:24:08+00:00","dateModified":"2025-01-31T20:25:35+00:00","breadcrumb":{"@id":"https:\/\/bodruminstitute.com\/basinda-biz\/#breadcrumb"},"inLanguage":"en-US","potentialAction":[{"@type":"ReadAction","target":["https:\/\/bodruminstitute.com\/basinda-biz\/"]}]},{"@type":"BreadcrumbList","@id":"https:\/\/bodruminstitute.com\/basinda-biz\/#breadcrumb","itemListElement":[{"@type":"ListItem","position":1,"name":"Home","item":"https:\/\/bodruminstitute.com\/"},{"@type":"ListItem","position":2,"name":"Press"}]},{"@type":"WebSite","@id":"https:\/\/bodruminstitute.com\/#website","url":"https:\/\/bodruminstitute.com\/","name":"Bodrum Institute","description":"","publisher":{"@id":"https:\/\/bodruminstitute.com\/#organization"},"potentialAction":[{"@type":"SearchAction","target":{"@type":"EntryPoint","urlTemplate":"https:\/\/bodruminstitute.com\/?s={search_term_string}"},"query-input":"required name=search_term_string"}],"inLanguage":"en-US"},{"@type":"Organization","@id":"https:\/\/bodruminstitute.com\/#organization","name":"Bodrum Institute","url":"https:\/\/bodruminstitute.com\/","logo":{"@type":"ImageObject","inLanguage":"en-US","@id":"https:\/\/bodruminstitute.com\/#\/schema\/logo\/image\/","url":"https:\/\/bodruminstitute.com\/wp-content\/uploads\/2024\/06\/Bodrum-Institute-Logo_PNG.png","contentUrl":"https:\/\/bodruminstitute.com\/wp-content\/uploads\/2024\/06\/Bodrum-Institute-Logo_PNG.png","width":6912,"height":3456,"caption":"Bodrum Institute"},"image":{"@id":"https:\/\/bodruminstitute.com\/#\/schema\/logo\/image\/"}}]}},"_links":{"self":[{"href":"https:\/\/bodruminstitute.com\/en\/wp-json\/wp\/v2\/pages\/9666"}],"collection":[{"href":"https:\/\/bodruminstitute.com\/en\/wp-json\/wp\/v2\/pages"}],"about":[{"href":"https:\/\/bodruminstitute.com\/en\/wp-json\/wp\/v2\/types\/page"}],"author":[{"embeddable":true,"href":"https:\/\/bodruminstitute.com\/en\/wp-json\/wp\/v2\/users\/1"}],"replies":[{"embeddable":true,"href":"https:\/\/bodruminstitute.com\/en\/wp-json\/wp\/v2\/comments?post=9666"}],"version-history":[{"count":13,"href":"https:\/\/bodruminstitute.com\/en\/wp-json\/wp\/v2\/pages\/9666\/revisions"}],"predecessor-version":[{"id":10317,"href":"https:\/\/bodruminstitute.com\/en\/wp-json\/wp\/v2\/pages\/9666\/revisions\/10317"}],"wp:attachment":[{"href":"https:\/\/bodruminstitute.com\/en\/wp-json\/wp\/v2\/media?parent=9666"}],"curies":[{"name":"wp","href":"https:\/\/api.w.org\/{rel}","templated":true}]}}