{"id":9640,"date":"2024-07-17T18:29:31","date_gmt":"2024-07-17T15:29:31","guid":{"rendered":"https:\/\/bodruminstitute.com\/contributors\/"},"modified":"2025-05-06T20:44:34","modified_gmt":"2025-05-06T17:44:34","slug":"contributors","status":"publish","type":"page","link":"https:\/\/bodruminstitute.com\/en\/contributors\/","title":{"rendered":"Contributors"},"content":{"rendered":"\t\t<div data-elementor-type=\"wp-page\" data-elementor-id=\"9640\" class=\"elementor elementor-9640\" data-elementor-post-type=\"page\">\n\t\t\t\t<div class=\"elementor-element elementor-element-767ad03 e-flex e-con-boxed e-con e-parent\" data-id=\"767ad03\" data-element_type=\"container\">\n\t\t\t\t\t<div class=\"e-con-inner\">\n\t\t\t\t<div class=\"elementor-element elementor-element-39856c9 elementor-widget elementor-widget-ct_text_editor\" data-id=\"39856c9\" data-element_type=\"widget\" data-widget_type=\"ct_text_editor.default\">\n\t\t\t\t<div class=\"elementor-widget-container\">\n\t\t\t<div id=\"ct_text_editor-39856c9\" class=\"ct-text-editor \" data-wow-delay=\"ms\">\n\t<div class=\"ct-item--inner\">\n\t\t<div class=\"ct-inline-css\"  data-css=\"\n\t        \t\t\t\">\n\n\t    <\/div>\n\t\t<div class=\"ct-text-editor elementor-clearfix\">\n\t\t\t<table width=\"1105\"><tbody><tr><td width=\"81\"><strong>No.<\/strong><\/td><td width=\"383\"><strong>Name Surname<\/strong><\/td><td width=\"641\"><strong>Institution<\/strong><\/td><\/tr><tr><td>1<\/td><td>Abd\u00fclkadir Varo\u011flu<\/td><td>Ba\u015fkent \u00dcniversitesi<\/td><\/tr><tr><td>2<\/td><td>Ad\u00e9rito Vicente<\/td><td>European University Institute\/ OdCNP<\/td><\/tr><tr><td>3<\/td><td>Ahmet \u00dcz\u00fcmc\u00fc<\/td><td>B\u00fcy\u00fckel\u00e7i (E)<\/td><\/tr><tr><td>4<\/td><td>Ali Fatih Aldemir<\/td><td>\u00a0<\/td><\/tr><tr><td>5<\/td><td>Altu\u011f G\u00fcnal<\/td><td>Ege \u00dcniversitesi<\/td><\/tr><tr><td>6<\/td><td>Arzu \u00d6nsal<\/td><td>T.C. Cumhurba\u015fkanl\u0131\u011f\u0131 Strateji ve B\u00fct\u00e7e Ba\u015fkanl\u0131\u011f\u0131<\/td><\/tr><tr><td>7<\/td><td>Bahad\u0131r Pehlivant\u00fcrk<\/td><td>TOBB ET\u00dc<\/td><\/tr><tr><td>8<\/td><td>Ba\u015far Baysal<\/td><td>Ankara Bilim \u00dcniversitesi<\/td><\/tr><tr><td>9<\/td><td>Bayram Sinkaya<\/td><td>Ankara Y\u0131ld\u0131r\u0131m Beyaz\u0131t \u00dcniversitesi<\/td><\/tr><tr><td>10<\/td><td>Bedi \u00c7elik<\/td><td>U\u00c7GA &#8211; Bodrum+ Institute<\/td><\/tr><tr><td>11<\/td><td>Bezen Co\u015fkun<\/td><td>TED \u00dcniversitesi<\/td><\/tr><tr><td>12<\/td><td>C. Korhan Demir<\/td><td>Hasan Kalyoncu \u00dcniversitesi<\/td><\/tr><tr><td>13<\/td><td>Cihan Dizdaro\u011flu<\/td><td>Ba\u015fkent \u00dcniversitesi<\/td><\/tr><tr><td>14<\/td><td>\u00c7a\u011fda\u015f \u00dcng\u00f6r<\/td><td>Marmara \u00dcniversitesi<\/td><\/tr><tr><td>15<\/td><td>D. Ar\u0131kan Acar<\/td><td>Ya\u015far \u00dcniversitesi<\/td><\/tr><tr><td>16<\/td><td>Deniz Sert<\/td><td>\u00d6zye\u011fin \u00dcniversitesi<\/td><\/tr><tr><td>17<\/td><td>Dimitrios Triantaphyllou<\/td><td>Kadir Has \u00dcniversitesi<\/td><\/tr><tr><td>18<\/td><td>Duygu \u00d6zt\u00fcrk<\/td><td>\u0130stanbul Medipol \u00dcniversitesi<\/td><\/tr><tr><td>19<\/td><td>Efe Tokdemir<\/td><td>\u0130hsan Do\u011framac\u0131 Bilkent \u00dcniversitesi<\/td><\/tr><tr><td>20<\/td><td>Elif Merve Dumankaya<\/td><td>\u0130hsan Do\u011framac\u0131 Bilkent \u00dcniversitesi<\/td><\/tr><tr><td>21<\/td><td>Emrah \u00d6zdemir<\/td><td>Kara Harp Okulu<\/td><\/tr><tr><td>22<\/td><td>Emre Erdo\u011fan<\/td><td>EnerjiSA (Genel M\u00fcd\u00fcr Yard\u0131mc\u0131s\u0131)<\/td><\/tr><tr><td>23<\/td><td>Engin Co\u015fkun<\/td><td>\u00a0<\/td><\/tr><tr><td>24<\/td><td>Erman Ermihan<\/td><td>Kadir Has \u00dcniversitesi<\/td><\/tr><tr><td>25<\/td><td>Ersel Ayd\u0131nl\u0131<\/td><td>\u0130hsan Do\u011framac\u0131 Bilkent \u00dcniversitesi<\/td><\/tr><tr><td>26<\/td><td>Esra Y\u00fcksel Ac\u0131<\/td><td>Marmara \u00dcniversitesi<\/td><\/tr><tr><td>27<\/td><td>Faruk Lo\u011fo\u011flu<\/td><td>Emekli B\u00fcy\u00fckel\u00e7i<\/td><\/tr><tr><td>28<\/td><td>Fatih CEYLAN<\/td><td>B\u00fcy\u00fckel\u00e7i (E) \/ Ankara Politikalar Merkezi<\/td><\/tr><tr><td>29<\/td><td>Fatma Sever<\/td><td>TOBB ET\u00dc<\/td><\/tr><tr><td>30<\/td><td>Federica dall\u2019Arche<\/td><td>OdCNP<\/td><\/tr><tr><td>31<\/td><td>Ferhat Pirin\u00e7\u00e7i<\/td><td>Uluda\u011f \u00dcniversitesi \/ SETA<\/td><\/tr><tr><td>32<\/td><td>F\u00fcsun \u00d6zerdem<\/td><td>Mu\u011fla S\u0131tk\u0131 Ko\u00e7man \u00dcniversitesi<\/td><\/tr><tr><td>33<\/td><td>Gogita Ghvedashvili<\/td><td>OdCNP<\/td><\/tr><tr><td>34<\/td><td>G\u00f6ktan Muhammed F\u0131rat<\/td><td>TOBB ET\u00dc<\/td><\/tr><tr><td>35<\/td><td>G\u00fclriz \u015een<\/td><td>TOBB ET\u00dc<\/td><\/tr><tr><td>36<\/td><td>G\u00fclsena Samsunlu<\/td><td>\u0130stanbul Medipol \u00dcniversitesi (Rana hoca asistan\u0131)<\/td><\/tr><tr><td>37<\/td><td>G\u00fcl\u00fcn Egeli<\/td><td>Avukat &#8211; AKUT<\/td><\/tr><tr><td>38<\/td><td>G\u00fczhan G\u00fclay<\/td><td>Borsa \u0130stanbul (Genel M\u00fcd\u00fcr Yard\u0131mc\u0131s\u0131)<\/td><\/tr><tr><td>39<\/td><td>H.Arda Tokat<\/td><td>TOBB ET\u00dc<\/td><\/tr><tr><td>40<\/td><td>Hakan Ak\u0131n<\/td><td>Y\u00fcksek \u0130htisas \u00dcniversitesi<\/td><\/tr><tr><td>41<\/td><td>Haldun Yal\u00e7\u0131nkaya<\/td><td>TOBB ET\u00dc<\/td><\/tr><tr><td>42<\/td><td>Haluk Karada\u011f<\/td><td>Ba\u015fkent \u00dcniversitesi<\/td><\/tr><tr><td>43<\/td><td>Hasan Sevgili<\/td><td>Ordu \u00dcniversitesi<\/td><\/tr><tr><td>44<\/td><td>Hatice \u00c7elik<\/td><td>Ankara Sosyal Bilimler \u00dcniversitesi<\/td><\/tr><tr><td>45<\/td><td>Hilal \u00d6zda\u011f Sevgili<\/td><td>Ankara \u00dcniversitesi<\/td><\/tr><tr><td>46<\/td><td>H\u00fcseyin Ba\u011fc\u0131<\/td><td>ODT\u00dc\/ D\u0131\u015f Politika Enstit\u00fcs\u00fc<\/td><\/tr><tr><td>47<\/td><td>Ioannis Grigoriadis<\/td><td>Bilkent \u00dcniversitesi<\/td><\/tr><tr><td>48<\/td><td>Iryna Maksymenko<\/td><td>Odesa Center for Nonproliferation (OdCNP)<\/td><\/tr><tr><td>49<\/td><td>K. Aydin Gunduz<\/td><td>TOBB ET\u00dc<\/td><\/tr><tr><td>50<\/td><td>Kerem K\u0131l\u0131\u00e7daro\u011flu<\/td><td>TED \u00dcniversitesi<\/td><\/tr><tr><td>51<\/td><td>\u0141ukasz Kulesa<\/td><td>Polish Institute of International Affairs<\/td><\/tr><tr><td>52<\/td><td>Merve Seren Ye\u015filta\u015f<\/td><td>Ankara Y\u0131ld\u0131r\u0131m Beyaz\u0131t \u00dcniversitesi<\/td><\/tr><tr><td>53<\/td><td>Mesut \u00d6zcan<\/td><td>Ankara Sosyal Bilimler \u00dcniversitesi<\/td><\/tr><tr><td>54<\/td><td>Mitat \u00c7elikpala<\/td><td>Kadir Has \u00dcniversitesi<\/td><\/tr><tr><td>55<\/td><td>Muharrem Sar\u0131kaya<\/td><td>HaberT\u00fcrk<\/td><\/tr><tr><td>56<\/td><td>Murat Demirel<\/td><td>Nev\u015fehir Hac\u0131 Bekta\u015f Veli \u00dcniversitesi<\/td><\/tr><tr><td>57<\/td><td>Murat Kavalal\u0131<\/td><td>ABKAD &#8211; U\u00c7GA<\/td><\/tr><tr><td>58<\/td><td>Murat T\u0131nas<\/td><td>Polis Akademisi<\/td><\/tr><tr><td>59<\/td><td>Murat Ye\u015filta\u015f<\/td><td>Ankara Sosyal Bilimler \u00dcniversitesi<\/td><\/tr><tr><td>60<\/td><td>Mustafa Ayd\u0131n<\/td><td>Kadir Has \u00dcniversitesi<\/td><\/tr><tr><td>61<\/td><td>Mustafa Serdar Palab\u0131y\u0131k<\/td><td>TOBB ET\u00dc<\/td><\/tr><tr><td>62<\/td><td>Nihat Ali \u00d6zcan<\/td><td>TOBB ET\u00dc\/ TEPAV<\/td><\/tr><tr><td>63<\/td><td>Nuri Ye\u015filyurt<\/td><td>Ankara \u00dcniversitesi<\/td><\/tr><tr><td>64<\/td><td>Or\u00e7un Demir<\/td><td>TOBB ET\u00dc<\/td><\/tr><tr><td>65<\/td><td>\u00d6zg\u00fcr \u00d6zdamar<\/td><td>Bilkent \u00dcniversitesi<\/td><\/tr><tr><td>66<\/td><td>\u00d6zlem T\u00fcr<\/td><td>ODT\u00dc<\/td><\/tr><tr><td>67<\/td><td>Pablo Innecken<\/td><td>OdCNP<\/td><\/tr><tr><td>68<\/td><td>Pauline Seyfert<\/td><td>Alman-T\u00fcrk Ticaret ve Sanayi Odas\u0131<\/td><\/tr><tr><td>69<\/td><td>Petar Marinov<\/td><td>Rakovski National Defence College<\/td><\/tr><tr><td>70<\/td><td>Philipp C. Bleek<\/td><td>Middlebury Institute of International Studies<\/td><\/tr><tr><td>71<\/td><td>P\u0131nar ipek<\/td><td>TOBB ET\u00dc<\/td><\/tr><tr><td>72<\/td><td>Polina Sinovets<\/td><td>Odesa Center for Nonproliferation (OdCNP)<\/td><\/tr><tr><td>73<\/td><td>Ramazan Akta\u015f<\/td><td>TOBB ET\u00dc<\/td><\/tr><tr><td>74<\/td><td>Rana Atabay Ku\u015f\u00e7u<\/td><td>\u0130stanbul Medipol \u00dcniversitesi<\/td><\/tr><tr><td>75<\/td><td>R\u0131za BAYRAK<\/td><td>Ostim Teknik \u00dcniversitesi<\/td><\/tr><tr><td>76<\/td><td>Salih B\u0131\u00e7ak\u00e7\u0131<\/td><td>Kadir Has \u00dcniversitesi<\/td><\/tr><tr><td>77<\/td><td>Serdar Erdurmaz<\/td><td>Hasan Kalyoncu \u00dcniversitesi\/ D\u0131\u015f Politika Enstit\u00fcs\u00fc<\/td><\/tr><tr><td>78<\/td><td>Serhad Uslan<\/td><td>\u00a0<\/td><\/tr><tr><td>79<\/td><td>Serhat G\u00fcven\u00e7<\/td><td>Kadir Has \u00dcniversitesi<\/td><\/tr><tr><td>80<\/td><td>Settar Dinler<\/td><td>CSR Turkey<\/td><\/tr><tr><td>81<\/td><td>Sharad Joshi<\/td><td>Middlebury Institute of International Studies<\/td><\/tr><tr><td>82<\/td><td>S\u0131tk\u0131 Egeli<\/td><td>\u0130zmir Ekonomi \u00dcniversitesi<\/td><\/tr><tr><td>83<\/td><td>Sibylle Bauer<\/td><td>Stockholm International Peace Research Institute (SIPRI)<\/td><\/tr><tr><td>84<\/td><td>Sinem A\u00e7\u0131kme\u015fe<\/td><td>Kadir Has \u00dcniversitesi<\/td><\/tr><tr><td>85<\/td><td>Sinem \u00dcnald\u0131lar<\/td><td>Ege \u00dcniversitesi<\/td><\/tr><tr><td>86<\/td><td>S\u00f6nmez K\u00f6ksal<\/td><td>Emekli B\u00fcy\u00fckel\u00e7i\/ Eski M\u0130T M\u00fcste\u015far\u0131<\/td><\/tr><tr><td>87<\/td><td>Stefano Fantaroni<\/td><td>AB Delegasyonu<\/td><\/tr><tr><td>88<\/td><td>\u015e. \u0130nan R\u00fcma<\/td><td>Bilgi \u00dcniversitesi<\/td><\/tr><tr><td>89<\/td><td>\u015eaban Karda\u015f<\/td><td>TOBB ET\u00dc<\/td><\/tr><tr><td>90<\/td><td>\u015eebnem Udum<\/td><td>Hacettepe \u00dcniversitesi<\/td><\/tr><tr><td>91<\/td><td>\u015eevket Oval\u0131<\/td><td>Dokuz Eyl\u00fcl \u00dcniversitesi<\/td><\/tr><tr><td>92<\/td><td>Tetiana Melnyk<\/td><td>Odesa Center for Nonproliferation (OdCNP)<\/td><\/tr><tr><td>93<\/td><td>Toygar Halistoprak<\/td><td>Antalya Bilim \u00dcniversitesi<\/td><\/tr><tr><td>94<\/td><td>Uzay Y\u00fcksekkaya<\/td><td>YEAP Assoc.<\/td><\/tr><tr><td>95<\/td><td>\u00dcnsal S\u0131\u011fr\u0131<\/td><td>Ostim Teknik \u00dcniversitesi<\/td><\/tr><tr><td>96<\/td><td>Valeriia Gergiieva<\/td><td>Odesa Center for Nonproliferation (OdCNP)<\/td><\/tr><tr><td>97<\/td><td>Valeriia Hesse<\/td><td>Odesa Center for Nonproliferation (OdCNP)<\/td><\/tr><tr><td>98<\/td><td>Wilfred Wan<\/td><td>Stockholm International Peace Research Institute (SIPRI)<\/td><\/tr><tr><td>99<\/td><td>Yasemin G\u00fcler<\/td><td>Tar\u0131m ve Orman Bakanl\u0131\u011f\u0131\/ Zirai M\u00fccadele Merkez Ara\u015ft\u0131rma Enstit\u00fcs\u00fc<\/td><\/tr><tr><td>100<\/td><td>Yelda H. Ongun<\/td><td>Ba\u015fkent \u00dcniversitesi<\/td><\/tr><tr><td>101<\/td><td>Yelizaveta Khodorovska<\/td><td>OdCNP<\/td><\/tr><tr><td>102<\/td><td>Yunus Emre Tapan<\/td><td>NorthEastern University<\/td><\/tr><tr><td>103<\/td><td>Y\u00fccel Acer<\/td><td>Ankara Y\u0131ld\u0131r\u0131m Beyaz\u0131t \u00dcniversitesi\/ SETA<\/td><\/tr><tr><td>104<\/td><td>Zeynep Alemdar<\/td><td>Okan \u00dcniversitesi<\/td><\/tr><\/tbody><\/table>\t\t\n\t\t<\/div>\n\t<\/div>\n<\/div>\t\t<\/div>\n\t\t\t\t<\/div>\n\t\t\t\t\t<\/div>\n\t\t\t\t<\/div>\n\t\t\t\t<\/div>\n\t\t","protected":false},"excerpt":{"rendered":"<p>No. Name Surname Institution 1 Abd\u00fclkadir Varo\u011flu Ba\u015fkent \u00dcniversitesi 2 Ad\u00e9rito Vicente European University Institute\/ OdCNP 3 Ahmet \u00dcz\u00fcmc\u00fc B\u00fcy\u00fckel\u00e7i (E) 4 Ali Fatih Aldemir \u00a0 5 Altu\u011f G\u00fcnal Ege \u00dcniversitesi 6 Arzu \u00d6nsal T.C. Cumhurba\u015fkanl\u0131\u011f\u0131 Strateji ve B\u00fct\u00e7e Ba\u015fkanl\u0131\u011f\u0131 7 Bahad\u0131r Pehlivant\u00fcrk TOBB ET\u00dc 8 Ba\u015far Baysal Ankara Bilim \u00dcniversitesi 9 Bayram Sinkaya Ankara [&hellip;]<\/p>\n","protected":false},"author":1,"featured_media":0,"parent":0,"menu_order":0,"comment_status":"closed","ping_status":"closed","template":"","meta":{"footnotes":""},"class_list":["post-9640","page","type-page","status-publish","hentry"],"yoast_head":"<!-- This site is optimized with the Yoast SEO plugin v23.3 - https:\/\/yoast.com\/wordpress\/plugins\/seo\/ -->\n<title>Contributors - Bodrum Institute<\/title>\n<meta name=\"robots\" content=\"index, follow, max-snippet:-1, max-image-preview:large, max-video-preview:-1\" \/>\n<link rel=\"canonical\" href=\"https:\/\/bodruminstitute.com\/en\/contributors\/\" \/>\n<meta property=\"og:locale\" content=\"en_US\" \/>\n<meta property=\"og:type\" content=\"article\" \/>\n<meta property=\"og:title\" content=\"Contributors - Bodrum Institute\" \/>\n<meta property=\"og:description\" content=\"No. Name Surname Institution 1 Abd\u00fclkadir Varo\u011flu Ba\u015fkent \u00dcniversitesi 2 Ad\u00e9rito Vicente European University Institute\/ OdCNP 3 Ahmet \u00dcz\u00fcmc\u00fc B\u00fcy\u00fckel\u00e7i (E) 4 Ali Fatih Aldemir \u00a0 5 Altu\u011f G\u00fcnal Ege \u00dcniversitesi 6 Arzu \u00d6nsal T.C. Cumhurba\u015fkanl\u0131\u011f\u0131 Strateji ve B\u00fct\u00e7e Ba\u015fkanl\u0131\u011f\u0131 7 Bahad\u0131r Pehlivant\u00fcrk TOBB ET\u00dc 8 Ba\u015far Baysal Ankara Bilim \u00dcniversitesi 9 Bayram Sinkaya Ankara [&hellip;]\" \/>\n<meta property=\"og:url\" content=\"https:\/\/bodruminstitute.com\/en\/contributors\/\" \/>\n<meta property=\"og:site_name\" content=\"Bodrum Institute\" \/>\n<meta property=\"article:modified_time\" content=\"2025-05-06T17:44:34+00:00\" \/>\n<meta name=\"twitter:card\" content=\"summary_large_image\" \/>\n<meta name=\"twitter:label1\" content=\"Est. reading time\" \/>\n\t<meta name=\"twitter:data1\" content=\"4 minutes\" \/>\n<script type=\"application\/ld+json\" class=\"yoast-schema-graph\">{\"@context\":\"https:\/\/schema.org\",\"@graph\":[{\"@type\":\"WebPage\",\"@id\":\"https:\/\/bodruminstitute.com\/en\/contributors\/\",\"url\":\"https:\/\/bodruminstitute.com\/en\/contributors\/\",\"name\":\"Contributors - Bodrum Institute\",\"isPartOf\":{\"@id\":\"https:\/\/bodruminstitute.com\/#website\"},\"datePublished\":\"2024-07-17T15:29:31+00:00\",\"dateModified\":\"2025-05-06T17:44:34+00:00\",\"breadcrumb\":{\"@id\":\"https:\/\/bodruminstitute.com\/en\/contributors\/#breadcrumb\"},\"inLanguage\":\"en-US\",\"potentialAction\":[{\"@type\":\"ReadAction\",\"target\":[\"https:\/\/bodruminstitute.com\/en\/contributors\/\"]}]},{\"@type\":\"BreadcrumbList\",\"@id\":\"https:\/\/bodruminstitute.com\/en\/contributors\/#breadcrumb\",\"itemListElement\":[{\"@type\":\"ListItem\",\"position\":1,\"name\":\"Home\",\"item\":\"https:\/\/bodruminstitute.com\/\"},{\"@type\":\"ListItem\",\"position\":2,\"name\":\"Contributors\"}]},{\"@type\":\"WebSite\",\"@id\":\"https:\/\/bodruminstitute.com\/#website\",\"url\":\"https:\/\/bodruminstitute.com\/\",\"name\":\"Bodrum Institute\",\"description\":\"\",\"publisher\":{\"@id\":\"https:\/\/bodruminstitute.com\/#organization\"},\"potentialAction\":[{\"@type\":\"SearchAction\",\"target\":{\"@type\":\"EntryPoint\",\"urlTemplate\":\"https:\/\/bodruminstitute.com\/?s={search_term_string}\"},\"query-input\":\"required name=search_term_string\"}],\"inLanguage\":\"en-US\"},{\"@type\":\"Organization\",\"@id\":\"https:\/\/bodruminstitute.com\/#organization\",\"name\":\"Bodrum Institute\",\"url\":\"https:\/\/bodruminstitute.com\/\",\"logo\":{\"@type\":\"ImageObject\",\"inLanguage\":\"en-US\",\"@id\":\"https:\/\/bodruminstitute.com\/#\/schema\/logo\/image\/\",\"url\":\"https:\/\/bodruminstitute.com\/wp-content\/uploads\/2024\/06\/Bodrum-Institute-Logo_PNG.png\",\"contentUrl\":\"https:\/\/bodruminstitute.com\/wp-content\/uploads\/2024\/06\/Bodrum-Institute-Logo_PNG.png\",\"width\":6912,\"height\":3456,\"caption\":\"Bodrum Institute\"},\"image\":{\"@id\":\"https:\/\/bodruminstitute.com\/#\/schema\/logo\/image\/\"}}]}<\/script>\n<!-- \/ Yoast SEO plugin. -->","yoast_head_json":{"title":"Contributors - Bodrum Institute","robots":{"index":"index","follow":"follow","max-snippet":"max-snippet:-1","max-image-preview":"max-image-preview:large","max-video-preview":"max-video-preview:-1"},"canonical":"https:\/\/bodruminstitute.com\/en\/contributors\/","og_locale":"en_US","og_type":"article","og_title":"Contributors - Bodrum Institute","og_description":"No. Name Surname Institution 1 Abd\u00fclkadir Varo\u011flu Ba\u015fkent \u00dcniversitesi 2 Ad\u00e9rito Vicente European University Institute\/ OdCNP 3 Ahmet \u00dcz\u00fcmc\u00fc B\u00fcy\u00fckel\u00e7i (E) 4 Ali Fatih Aldemir \u00a0 5 Altu\u011f G\u00fcnal Ege \u00dcniversitesi 6 Arzu \u00d6nsal T.C. Cumhurba\u015fkanl\u0131\u011f\u0131 Strateji ve B\u00fct\u00e7e Ba\u015fkanl\u0131\u011f\u0131 7 Bahad\u0131r Pehlivant\u00fcrk TOBB ET\u00dc 8 Ba\u015far Baysal Ankara Bilim \u00dcniversitesi 9 Bayram Sinkaya Ankara [&hellip;]","og_url":"https:\/\/bodruminstitute.com\/en\/contributors\/","og_site_name":"Bodrum Institute","article_modified_time":"2025-05-06T17:44:34+00:00","twitter_card":"summary_large_image","twitter_misc":{"Est. reading time":"4 minutes"},"schema":{"@context":"https:\/\/schema.org","@graph":[{"@type":"WebPage","@id":"https:\/\/bodruminstitute.com\/en\/contributors\/","url":"https:\/\/bodruminstitute.com\/en\/contributors\/","name":"Contributors - Bodrum Institute","isPartOf":{"@id":"https:\/\/bodruminstitute.com\/#website"},"datePublished":"2024-07-17T15:29:31+00:00","dateModified":"2025-05-06T17:44:34+00:00","breadcrumb":{"@id":"https:\/\/bodruminstitute.com\/en\/contributors\/#breadcrumb"},"inLanguage":"en-US","potentialAction":[{"@type":"ReadAction","target":["https:\/\/bodruminstitute.com\/en\/contributors\/"]}]},{"@type":"BreadcrumbList","@id":"https:\/\/bodruminstitute.com\/en\/contributors\/#breadcrumb","itemListElement":[{"@type":"ListItem","position":1,"name":"Home","item":"https:\/\/bodruminstitute.com\/"},{"@type":"ListItem","position":2,"name":"Contributors"}]},{"@type":"WebSite","@id":"https:\/\/bodruminstitute.com\/#website","url":"https:\/\/bodruminstitute.com\/","name":"Bodrum Institute","description":"","publisher":{"@id":"https:\/\/bodruminstitute.com\/#organization"},"potentialAction":[{"@type":"SearchAction","target":{"@type":"EntryPoint","urlTemplate":"https:\/\/bodruminstitute.com\/?s={search_term_string}"},"query-input":"required name=search_term_string"}],"inLanguage":"en-US"},{"@type":"Organization","@id":"https:\/\/bodruminstitute.com\/#organization","name":"Bodrum Institute","url":"https:\/\/bodruminstitute.com\/","logo":{"@type":"ImageObject","inLanguage":"en-US","@id":"https:\/\/bodruminstitute.com\/#\/schema\/logo\/image\/","url":"https:\/\/bodruminstitute.com\/wp-content\/uploads\/2024\/06\/Bodrum-Institute-Logo_PNG.png","contentUrl":"https:\/\/bodruminstitute.com\/wp-content\/uploads\/2024\/06\/Bodrum-Institute-Logo_PNG.png","width":6912,"height":3456,"caption":"Bodrum Institute"},"image":{"@id":"https:\/\/bodruminstitute.com\/#\/schema\/logo\/image\/"}}]}},"_links":{"self":[{"href":"https:\/\/bodruminstitute.com\/en\/wp-json\/wp\/v2\/pages\/9640"}],"collection":[{"href":"https:\/\/bodruminstitute.com\/en\/wp-json\/wp\/v2\/pages"}],"about":[{"href":"https:\/\/bodruminstitute.com\/en\/wp-json\/wp\/v2\/types\/page"}],"author":[{"embeddable":true,"href":"https:\/\/bodruminstitute.com\/en\/wp-json\/wp\/v2\/users\/1"}],"replies":[{"embeddable":true,"href":"https:\/\/bodruminstitute.com\/en\/wp-json\/wp\/v2\/comments?post=9640"}],"version-history":[{"count":9,"href":"https:\/\/bodruminstitute.com\/en\/wp-json\/wp\/v2\/pages\/9640\/revisions"}],"predecessor-version":[{"id":11115,"href":"https:\/\/bodruminstitute.com\/en\/wp-json\/wp\/v2\/pages\/9640\/revisions\/11115"}],"wp:attachment":[{"href":"https:\/\/bodruminstitute.com\/en\/wp-json\/wp\/v2\/media?parent=9640"}],"curies":[{"name":"wp","href":"https:\/\/api.w.org\/{rel}","templated":true}]}}