{"id":9371,"date":"2024-07-10T14:46:08","date_gmt":"2024-07-10T11:46:08","guid":{"rendered":"https:\/\/bodruminstitute.com\/application\/"},"modified":"2024-07-10T14:46:08","modified_gmt":"2024-07-10T11:46:08","slug":"application","status":"publish","type":"page","link":"https:\/\/bodruminstitute.com\/en\/application\/","title":{"rendered":"Application"},"content":{"rendered":"\t\t<div data-elementor-type=\"wp-page\" data-elementor-id=\"9371\" class=\"elementor elementor-9371\" data-elementor-post-type=\"page\">\n\t\t\t\t<div class=\"elementor-element elementor-element-665243d e-grid e-con-boxed e-con e-parent\" data-id=\"665243d\" data-element_type=\"container\">\n\t\t\t\t\t<div class=\"e-con-inner\">\n\t\t\t\t<div class=\"elementor-element elementor-element-47cb156 elementor-cta--skin-classic elementor-animated-content elementor-bg-transform elementor-bg-transform-zoom-in elementor-widget elementor-widget-call-to-action\" data-id=\"47cb156\" data-element_type=\"widget\" data-widget_type=\"call-to-action.default\">\n\t\t\t\t<div class=\"elementor-widget-container\">\n\t\t\t<link rel=\"stylesheet\" href=\"https:\/\/bodruminstitute.com\/wp-content\/plugins\/pro-elements\/assets\/css\/widget-call-to-action.min.css?ver=1724325159\">\t\t<div class=\"elementor-cta\">\n\t\t\t\t\t<div class=\"elementor-cta__bg-wrapper\">\n\t\t\t\t<div class=\"elementor-cta__bg elementor-bg\" style=\"background-image: url(https:\/\/bodruminstitute.com\/wp-content\/uploads\/2024\/06\/14.jpg);\" role=\"img\" aria-label=\"14\"><\/div>\n\t\t\t\t<div class=\"elementor-cta__bg-overlay\"><\/div>\n\t\t\t<\/div>\n\t\t\t\t\t\t\t<div class=\"elementor-cta__content\">\n\t\t\t\t\n\t\t\t\t\t\t\t\t\t<h2 class=\"elementor-cta__title elementor-cta__content-item elementor-content-item\">\n\t\t\t\t\t\t\u00d6\u011frenci\t\t\t\t\t<\/h2>\n\t\t\t\t\n\t\t\t\t\t\t\t\t\t<div class=\"elementor-cta__description elementor-cta__content-item elementor-content-item\">\n\t\t\t\t\t\tE\u011fitimler ve kurslar ile ilgili ba\u015fvurular\t\t\t\t\t<\/div>\n\t\t\t\t\n\t\t\t\t\t\t\t\t\t<div class=\"elementor-cta__button-wrapper elementor-cta__content-item elementor-content-item \">\n\t\t\t\t\t<a class=\"elementor-cta__button elementor-button elementor-size-\">\n\t\t\t\t\t\tBA\u015eVUR\t\t\t\t\t<\/a>\n\t\t\t\t\t<\/div>\n\t\t\t\t\t\t\t<\/div>\n\t\t\t\t\t\t<\/div>\n\t\t\t\t<\/div>\n\t\t\t\t<\/div>\n\t\t\t\t<div class=\"elementor-element elementor-element-cda9b1d elementor-cta--skin-classic elementor-animated-content elementor-bg-transform elementor-bg-transform-zoom-in elementor-widget elementor-widget-call-to-action\" data-id=\"cda9b1d\" data-element_type=\"widget\" data-widget_type=\"call-to-action.default\">\n\t\t\t\t<div class=\"elementor-widget-container\">\n\t\t\t\t\t<div class=\"elementor-cta\">\n\t\t\t\t\t<div class=\"elementor-cta__bg-wrapper\">\n\t\t\t\t<div class=\"elementor-cta__bg elementor-bg\" style=\"background-image: url(https:\/\/bodruminstitute.com\/wp-content\/uploads\/2024\/06\/Yes\u0327il-Mutabakat-ve-Tu\u0308rkiyenin-Enerji-Gu\u0308ndemi_1.jpg);\" role=\"img\" aria-label=\"Yes\u0327il Mutabakat ve Tu\u0308rkiye&#039;nin Enerji Gu\u0308ndemi_1\"><\/div>\n\t\t\t\t<div class=\"elementor-cta__bg-overlay\"><\/div>\n\t\t\t<\/div>\n\t\t\t\t\t\t\t<div class=\"elementor-cta__content\">\n\t\t\t\t\n\t\t\t\t\t\t\t\t\t<h2 class=\"elementor-cta__title elementor-cta__content-item elementor-content-item\">\n\t\t\t\t\t\tAkademisyen\t\t\t\t\t<\/h2>\n\t\t\t\t\n\t\t\t\t\t\t\t\t\t<div class=\"elementor-cta__description elementor-cta__content-item elementor-content-item\">\n\t\t\t\t\t\tAkademik program ve konferanslar\t\t\t\t\t<\/div>\n\t\t\t\t\n\t\t\t\t\t\t\t\t\t<div class=\"elementor-cta__button-wrapper elementor-cta__content-item elementor-content-item \">\n\t\t\t\t\t<a class=\"elementor-cta__button elementor-button elementor-size-\">\n\t\t\t\t\t\tBA\u015eVUR\t\t\t\t\t<\/a>\n\t\t\t\t\t<\/div>\n\t\t\t\t\t\t\t<\/div>\n\t\t\t\t\t\t<\/div>\n\t\t\t\t<\/div>\n\t\t\t\t<\/div>\n\t\t\t\t<div class=\"elementor-element elementor-element-d3f27cb elementor-cta--skin-classic elementor-animated-content elementor-bg-transform elementor-bg-transform-zoom-in elementor-widget elementor-widget-call-to-action\" data-id=\"d3f27cb\" data-element_type=\"widget\" data-widget_type=\"call-to-action.default\">\n\t\t\t\t<div class=\"elementor-widget-container\">\n\t\t\t\t\t<div class=\"elementor-cta\">\n\t\t\t\t\t<div class=\"elementor-cta__bg-wrapper\">\n\t\t\t\t<div class=\"elementor-cta__bg elementor-bg\" style=\"background-image: url(https:\/\/bodruminstitute.com\/wp-content\/uploads\/2024\/06\/WhatsApp-Image-2024-06-13-at-15.49.42-1.jpeg);\" role=\"img\" aria-label=\"WhatsApp Image 2024-06-13 at 15.49.42 (1)\"><\/div>\n\t\t\t\t<div class=\"elementor-cta__bg-overlay\"><\/div>\n\t\t\t<\/div>\n\t\t\t\t\t\t\t<div class=\"elementor-cta__content\">\n\t\t\t\t\n\t\t\t\t\t\t\t\t\t<h2 class=\"elementor-cta__title elementor-cta__content-item elementor-content-item\">\n\t\t\t\t\t\t\u0130\u015f Birli\u011fi\t\t\t\t\t<\/h2>\n\t\t\t\t\n\t\t\t\t\t\t\t\t\t<div class=\"elementor-cta__description elementor-cta__content-item elementor-content-item\">\n\t\t\t\t\t\tKurum i\u015f birlikleri\t\t\t\t\t<\/div>\n\t\t\t\t\n\t\t\t\t\t\t\t\t\t<div class=\"elementor-cta__button-wrapper elementor-cta__content-item elementor-content-item \">\n\t\t\t\t\t<a class=\"elementor-cta__button elementor-button elementor-size-\">\n\t\t\t\t\t\tBA\u015eVUR\t\t\t\t\t<\/a>\n\t\t\t\t\t<\/div>\n\t\t\t\t\t\t\t<\/div>\n\t\t\t\t\t\t<\/div>\n\t\t\t\t<\/div>\n\t\t\t\t<\/div>\n\t\t\t\t\t<\/div>\n\t\t\t\t<\/div>\n\t\t\t\t<\/div>\n\t\t","protected":false},"excerpt":{"rendered":"<p>Student Applications for trainings and courses APPLY Academician Academic programs and conferences APPLY Partnership Institutional collaborations APPLY<\/p>\n","protected":false},"author":1,"featured_media":0,"parent":0,"menu_order":0,"comment_status":"closed","ping_status":"closed","template":"","meta":{"footnotes":""},"class_list":["post-9371","page","type-page","status-publish","hentry"],"yoast_head":"<!-- This site is optimized with the Yoast SEO plugin v23.3 - https:\/\/yoast.com\/wordpress\/plugins\/seo\/ -->\n<title>Application - Bodrum Institute<\/title>\n<meta name=\"robots\" content=\"index, follow, max-snippet:-1, max-image-preview:large, max-video-preview:-1\" \/>\n<link rel=\"canonical\" href=\"https:\/\/bodruminstitute.com\/application\/\" \/>\n<meta property=\"og:locale\" content=\"en_US\" \/>\n<meta property=\"og:type\" content=\"article\" \/>\n<meta property=\"og:title\" content=\"Application - Bodrum Institute\" \/>\n<meta property=\"og:description\" content=\"Student Applications for trainings and courses APPLY Academician Academic programs and conferences APPLY Partnership Institutional collaborations APPLY\" \/>\n<meta property=\"og:url\" content=\"https:\/\/bodruminstitute.com\/application\/\" \/>\n<meta property=\"og:site_name\" content=\"Bodrum Institute\" \/>\n<meta name=\"twitter:card\" content=\"summary_large_image\" \/>\n<script type=\"application\/ld+json\" class=\"yoast-schema-graph\">{\"@context\":\"https:\/\/schema.org\",\"@graph\":[{\"@type\":\"WebPage\",\"@id\":\"https:\/\/bodruminstitute.com\/application\/\",\"url\":\"https:\/\/bodruminstitute.com\/application\/\",\"name\":\"Application - Bodrum Institute\",\"isPartOf\":{\"@id\":\"https:\/\/bodruminstitute.com\/#website\"},\"datePublished\":\"2024-07-10T11:46:08+00:00\",\"dateModified\":\"2024-07-10T11:46:08+00:00\",\"breadcrumb\":{\"@id\":\"https:\/\/bodruminstitute.com\/application\/#breadcrumb\"},\"inLanguage\":\"en-US\",\"potentialAction\":[{\"@type\":\"ReadAction\",\"target\":[\"https:\/\/bodruminstitute.com\/application\/\"]}]},{\"@type\":\"BreadcrumbList\",\"@id\":\"https:\/\/bodruminstitute.com\/application\/#breadcrumb\",\"itemListElement\":[{\"@type\":\"ListItem\",\"position\":1,\"name\":\"Home\",\"item\":\"https:\/\/bodruminstitute.com\/en\/\"},{\"@type\":\"ListItem\",\"position\":2,\"name\":\"Application\"}]},{\"@type\":\"WebSite\",\"@id\":\"https:\/\/bodruminstitute.com\/#website\",\"url\":\"https:\/\/bodruminstitute.com\/\",\"name\":\"Bodrum Institute\",\"description\":\"\",\"publisher\":{\"@id\":\"https:\/\/bodruminstitute.com\/#organization\"},\"potentialAction\":[{\"@type\":\"SearchAction\",\"target\":{\"@type\":\"EntryPoint\",\"urlTemplate\":\"https:\/\/bodruminstitute.com\/?s={search_term_string}\"},\"query-input\":\"required name=search_term_string\"}],\"inLanguage\":\"en-US\"},{\"@type\":\"Organization\",\"@id\":\"https:\/\/bodruminstitute.com\/#organization\",\"name\":\"Bodrum Institute\",\"url\":\"https:\/\/bodruminstitute.com\/\",\"logo\":{\"@type\":\"ImageObject\",\"inLanguage\":\"en-US\",\"@id\":\"https:\/\/bodruminstitute.com\/#\/schema\/logo\/image\/\",\"url\":\"https:\/\/bodruminstitute.com\/wp-content\/uploads\/2024\/06\/Bodrum-Institute-Logo_PNG.png\",\"contentUrl\":\"https:\/\/bodruminstitute.com\/wp-content\/uploads\/2024\/06\/Bodrum-Institute-Logo_PNG.png\",\"width\":6912,\"height\":3456,\"caption\":\"Bodrum Institute\"},\"image\":{\"@id\":\"https:\/\/bodruminstitute.com\/#\/schema\/logo\/image\/\"}}]}<\/script>\n<!-- \/ Yoast SEO plugin. -->","yoast_head_json":{"title":"Application - Bodrum Institute","robots":{"index":"index","follow":"follow","max-snippet":"max-snippet:-1","max-image-preview":"max-image-preview:large","max-video-preview":"max-video-preview:-1"},"canonical":"https:\/\/bodruminstitute.com\/application\/","og_locale":"en_US","og_type":"article","og_title":"Application - Bodrum Institute","og_description":"Student Applications for trainings and courses APPLY Academician Academic programs and conferences APPLY Partnership Institutional collaborations APPLY","og_url":"https:\/\/bodruminstitute.com\/application\/","og_site_name":"Bodrum Institute","twitter_card":"summary_large_image","schema":{"@context":"https:\/\/schema.org","@graph":[{"@type":"WebPage","@id":"https:\/\/bodruminstitute.com\/application\/","url":"https:\/\/bodruminstitute.com\/application\/","name":"Application - Bodrum Institute","isPartOf":{"@id":"https:\/\/bodruminstitute.com\/#website"},"datePublished":"2024-07-10T11:46:08+00:00","dateModified":"2024-07-10T11:46:08+00:00","breadcrumb":{"@id":"https:\/\/bodruminstitute.com\/application\/#breadcrumb"},"inLanguage":"en-US","potentialAction":[{"@type":"ReadAction","target":["https:\/\/bodruminstitute.com\/application\/"]}]},{"@type":"BreadcrumbList","@id":"https:\/\/bodruminstitute.com\/application\/#breadcrumb","itemListElement":[{"@type":"ListItem","position":1,"name":"Home","item":"https:\/\/bodruminstitute.com\/en\/"},{"@type":"ListItem","position":2,"name":"Application"}]},{"@type":"WebSite","@id":"https:\/\/bodruminstitute.com\/#website","url":"https:\/\/bodruminstitute.com\/","name":"Bodrum Institute","description":"","publisher":{"@id":"https:\/\/bodruminstitute.com\/#organization"},"potentialAction":[{"@type":"SearchAction","target":{"@type":"EntryPoint","urlTemplate":"https:\/\/bodruminstitute.com\/?s={search_term_string}"},"query-input":"required name=search_term_string"}],"inLanguage":"en-US"},{"@type":"Organization","@id":"https:\/\/bodruminstitute.com\/#organization","name":"Bodrum Institute","url":"https:\/\/bodruminstitute.com\/","logo":{"@type":"ImageObject","inLanguage":"en-US","@id":"https:\/\/bodruminstitute.com\/#\/schema\/logo\/image\/","url":"https:\/\/bodruminstitute.com\/wp-content\/uploads\/2024\/06\/Bodrum-Institute-Logo_PNG.png","contentUrl":"https:\/\/bodruminstitute.com\/wp-content\/uploads\/2024\/06\/Bodrum-Institute-Logo_PNG.png","width":6912,"height":3456,"caption":"Bodrum Institute"},"image":{"@id":"https:\/\/bodruminstitute.com\/#\/schema\/logo\/image\/"}}]}},"_links":{"self":[{"href":"https:\/\/bodruminstitute.com\/en\/wp-json\/wp\/v2\/pages\/9371"}],"collection":[{"href":"https:\/\/bodruminstitute.com\/en\/wp-json\/wp\/v2\/pages"}],"about":[{"href":"https:\/\/bodruminstitute.com\/en\/wp-json\/wp\/v2\/types\/page"}],"author":[{"embeddable":true,"href":"https:\/\/bodruminstitute.com\/en\/wp-json\/wp\/v2\/users\/1"}],"replies":[{"embeddable":true,"href":"https:\/\/bodruminstitute.com\/en\/wp-json\/wp\/v2\/comments?post=9371"}],"version-history":[{"count":0,"href":"https:\/\/bodruminstitute.com\/en\/wp-json\/wp\/v2\/pages\/9371\/revisions"}],"wp:attachment":[{"href":"https:\/\/bodruminstitute.com\/en\/wp-json\/wp\/v2\/media?parent=9371"}],"curies":[{"name":"wp","href":"https:\/\/api.w.org\/{rel}","templated":true}]}}