{"id":9360,"date":"2024-07-17T16:53:00","date_gmt":"2024-07-17T13:53:00","guid":{"rendered":"https:\/\/bodruminstitute.com\/summer-schools\/"},"modified":"2025-01-31T20:49:10","modified_gmt":"2025-01-31T17:49:10","slug":"summer-schools","status":"publish","type":"page","link":"https:\/\/bodruminstitute.com\/en\/student\/summer-schools\/","title":{"rendered":"Summer Schools"},"content":{"rendered":"\t\t<div data-elementor-type=\"wp-page\" data-elementor-id=\"9360\" class=\"elementor elementor-9360\" data-elementor-post-type=\"page\">\n\t\t\t\t<div class=\"elementor-element elementor-element-5ea3d23 e-flex e-con-boxed e-con e-parent\" data-id=\"5ea3d23\" data-element_type=\"container\">\n\t\t\t\t\t<div class=\"e-con-inner\">\n\t\t\t\t<div class=\"elementor-element elementor-element-57af4f6 elementor-widget elementor-widget-ct_page_title\" data-id=\"57af4f6\" data-element_type=\"widget\" data-widget_type=\"ct_page_title.default\">\n\t\t\t\t<div class=\"elementor-widget-container\">\n\t\t\t<h1 class=\"ct-page-title\">Summer Schools<\/h1>\t\t<\/div>\n\t\t\t\t<\/div>\n\t\t\t\t\t<\/div>\n\t\t\t\t<\/div>\n\t\t<div class=\"elementor-element elementor-element-5a0b223 e-flex e-con-boxed e-con e-parent\" data-id=\"5a0b223\" data-element_type=\"container\">\n\t\t\t\t\t<div class=\"e-con-inner\">\n\t\t\t\t<div class=\"elementor-element elementor-element-f33c70d elementor-grid-3 elementor-grid-tablet-2 elementor-grid-mobile-1 elementor-posts--thumbnail-top elementor-card-shadow-yes elementor-posts__hover-gradient elementor-widget elementor-widget-posts\" data-id=\"f33c70d\" data-element_type=\"widget\" data-settings=\"{&quot;pagination_type&quot;:&quot;load_more_infinite_scroll&quot;,&quot;cards_columns&quot;:&quot;3&quot;,&quot;cards_columns_tablet&quot;:&quot;2&quot;,&quot;cards_columns_mobile&quot;:&quot;1&quot;,&quot;cards_row_gap&quot;:{&quot;unit&quot;:&quot;px&quot;,&quot;size&quot;:35,&quot;sizes&quot;:[]},&quot;cards_row_gap_tablet&quot;:{&quot;unit&quot;:&quot;px&quot;,&quot;size&quot;:&quot;&quot;,&quot;sizes&quot;:[]},&quot;cards_row_gap_mobile&quot;:{&quot;unit&quot;:&quot;px&quot;,&quot;size&quot;:&quot;&quot;,&quot;sizes&quot;:[]},&quot;load_more_spinner&quot;:{&quot;value&quot;:&quot;fas fa-spinner&quot;,&quot;library&quot;:&quot;fa-solid&quot;}}\" data-widget_type=\"posts.cards\">\n\t\t\t\t<div class=\"elementor-widget-container\">\n\t\t\t<link rel=\"stylesheet\" href=\"https:\/\/bodruminstitute.com\/wp-content\/plugins\/pro-elements\/assets\/css\/widget-posts.min.css?ver=1724325159\">\t\t<div class=\"elementor-posts-container elementor-posts elementor-posts--skin-cards elementor-grid\">\n\t\t\t\t<article class=\"elementor-post elementor-grid-item post-11461 post type-post status-publish format-standard has-post-thumbnail hentry category-activities category-summer-schools\">\n\t\t\t<div class=\"elementor-post__card\">\n\t\t\t\t<a class=\"elementor-post__thumbnail__link\" href=\"https:\/\/bodruminstitute.com\/en\/summer-school-on-environment-and-sustainability-3\/\" tabindex=\"-1\" ><div class=\"elementor-post__thumbnail\"><img fetchpriority=\"high\" decoding=\"async\" width=\"300\" height=\"200\" src=\"https:\/\/bodruminstitute.com\/wp-content\/uploads\/2025\/08\/Bodrum-Institiute-SUI-2-300x200.png\" class=\"attachment-medium size-medium wp-image-11467\" alt=\"\" srcset=\"https:\/\/bodruminstitute.com\/wp-content\/uploads\/2025\/08\/Bodrum-Institiute-SUI-2-300x200.png 300w, https:\/\/bodruminstitute.com\/wp-content\/uploads\/2025\/08\/Bodrum-Institiute-SUI-2-768x512.png 768w, https:\/\/bodruminstitute.com\/wp-content\/uploads\/2025\/08\/Bodrum-Institiute-SUI-2.png 1000w\" sizes=\"(max-width: 300px) 100vw, 300px\" \/><\/div><\/a>\n\t\t\t\t<div class=\"elementor-post__badge\">ACTIVITIES<\/div>\n\t\t\t\t<div class=\"elementor-post__text\">\n\t\t\t\t<h3 class=\"elementor-post__title\">\n\t\t\t<a href=\"https:\/\/bodruminstitute.com\/en\/summer-school-on-environment-and-sustainability-3\/\" >\n\t\t\t\tSummer School on Environment and Sustainability \u2013 3\t\t\t<\/a>\n\t\t<\/h3>\n\t\t\t\t<div class=\"elementor-post__excerpt\">\n\t\t\t<p>This summer, Bodrum+ Institute is bringing back the 3rd Summer School on Environment and Sustainability, once again at Garaova Agricultural Park! Taking place from 17\u201322<\/p>\n\t\t<\/div>\n\t\t\n\t\t<a class=\"elementor-post__read-more\" href=\"https:\/\/bodruminstitute.com\/en\/summer-school-on-environment-and-sustainability-3\/\" aria-label=\"Read more about Summer School on Environment and Sustainability \u2013 3\" tabindex=\"-1\" >\n\t\t\tRead More \u00bb\t\t<\/a>\n\n\t\t\t\t<\/div>\n\t\t\t\t<div class=\"elementor-post__meta-data\">\n\t\t\t\t\t<span class=\"elementor-post-date\">\n\t\t\tAugust 25, 2025\t\t<\/span>\n\t\t\t\t<\/div>\n\t\t\t\t\t<\/div>\n\t\t<\/article>\n\t\t\t\t<article class=\"elementor-post elementor-grid-item post-11188 post type-post status-publish format-standard has-post-thumbnail hentry category-courses category-summer-schools\">\n\t\t\t<div class=\"elementor-post__card\">\n\t\t\t\t<a class=\"elementor-post__thumbnail__link\" href=\"https:\/\/bodruminstitute.com\/en\/global-migration-studies\/\" tabindex=\"-1\" ><div class=\"elementor-post__thumbnail\"><img decoding=\"async\" width=\"300\" height=\"200\" src=\"https:\/\/bodruminstitute.com\/wp-content\/uploads\/2025\/06\/Siyaset-Bilimi-ve-Uluslararasi-Iliskiler-Proje-Yazma-Atolyesi-Kopyasi-4-300x200.png\" class=\"attachment-medium size-medium wp-image-11185\" alt=\"\" srcset=\"https:\/\/bodruminstitute.com\/wp-content\/uploads\/2025\/06\/Siyaset-Bilimi-ve-Uluslararasi-Iliskiler-Proje-Yazma-Atolyesi-Kopyasi-4-300x200.png 300w, https:\/\/bodruminstitute.com\/wp-content\/uploads\/2025\/06\/Siyaset-Bilimi-ve-Uluslararasi-Iliskiler-Proje-Yazma-Atolyesi-Kopyasi-4-768x512.png 768w, https:\/\/bodruminstitute.com\/wp-content\/uploads\/2025\/06\/Siyaset-Bilimi-ve-Uluslararasi-Iliskiler-Proje-Yazma-Atolyesi-Kopyasi-4.png 1000w\" sizes=\"(max-width: 300px) 100vw, 300px\" \/><\/div><\/a>\n\t\t\t\t<div class=\"elementor-post__badge\">COURSES<\/div>\n\t\t\t\t<div class=\"elementor-post__text\">\n\t\t\t\t<h3 class=\"elementor-post__title\">\n\t\t\t<a href=\"https:\/\/bodruminstitute.com\/en\/global-migration-studies\/\" >\n\t\t\t\tGlobal Migration Studies: Governance, Law, Society, and Politics\t\t\t<\/a>\n\t\t<\/h3>\n\t\t\t\t<div class=\"elementor-post__excerpt\">\n\t\t\t<p>Bodrum Institute to Host International Migration-Focused Erasmus BIP Program in Summer 2025 Bodrum Institute delighted to announce that we will be hosting the Erasmus Blended<\/p>\n\t\t<\/div>\n\t\t\n\t\t<a class=\"elementor-post__read-more\" href=\"https:\/\/bodruminstitute.com\/en\/global-migration-studies\/\" aria-label=\"Read more about Global Migration Studies: Governance, Law, Society, and Politics\" tabindex=\"-1\" >\n\t\t\tRead More \u00bb\t\t<\/a>\n\n\t\t\t\t<\/div>\n\t\t\t\t<div class=\"elementor-post__meta-data\">\n\t\t\t\t\t<span class=\"elementor-post-date\">\n\t\t\tJune 30, 2025\t\t<\/span>\n\t\t\t\t<\/div>\n\t\t\t\t\t<\/div>\n\t\t<\/article>\n\t\t\t\t<article class=\"elementor-post elementor-grid-item post-11636 post type-post status-publish format-standard has-post-thumbnail hentry category-activities category-summer-schools\">\n\t\t\t<div class=\"elementor-post__card\">\n\t\t\t\t<a class=\"elementor-post__thumbnail__link\" href=\"https:\/\/bodruminstitute.com\/en\/history-of-civilizations-through-archeopolitics-2\/\" tabindex=\"-1\" ><div class=\"elementor-post__thumbnail\"><img decoding=\"async\" width=\"300\" height=\"200\" src=\"https:\/\/bodruminstitute.com\/wp-content\/uploads\/2025\/06\/2025-300x200.png\" class=\"attachment-medium size-medium wp-image-11150\" alt=\"\" srcset=\"https:\/\/bodruminstitute.com\/wp-content\/uploads\/2025\/06\/2025-300x200.png 300w, https:\/\/bodruminstitute.com\/wp-content\/uploads\/2025\/06\/2025-768x511.png 768w, https:\/\/bodruminstitute.com\/wp-content\/uploads\/2025\/06\/2025.png 1000w\" sizes=\"(max-width: 300px) 100vw, 300px\" \/><\/div><\/a>\n\t\t\t\t<div class=\"elementor-post__badge\">ACTIVITIES<\/div>\n\t\t\t\t<div class=\"elementor-post__text\">\n\t\t\t\t<h3 class=\"elementor-post__title\">\n\t\t\t<a href=\"https:\/\/bodruminstitute.com\/en\/history-of-civilizations-through-archeopolitics-2\/\" >\n\t\t\t\tHistory of Civilizations Through Archeopolitics\t\t\t<\/a>\n\t\t<\/h3>\n\t\t\t\t<div class=\"elementor-post__excerpt\">\n\t\t\t<p>Hosted by the Bodrum Institute: The History of Civilizations Through Archeopolitics As the Bodrum Institute, we take great pride in hosting yet another interdisciplinary and<\/p>\n\t\t<\/div>\n\t\t\n\t\t<a class=\"elementor-post__read-more\" href=\"https:\/\/bodruminstitute.com\/en\/history-of-civilizations-through-archeopolitics-2\/\" aria-label=\"Read more about History of Civilizations Through Archeopolitics\" tabindex=\"-1\" >\n\t\t\tRead More \u00bb\t\t<\/a>\n\n\t\t\t\t<\/div>\n\t\t\t\t<div class=\"elementor-post__meta-data\">\n\t\t\t\t\t<span class=\"elementor-post-date\">\n\t\t\tJune 17, 2025\t\t<\/span>\n\t\t\t\t<\/div>\n\t\t\t\t\t<\/div>\n\t\t<\/article>\n\t\t\t\t<article class=\"elementor-post elementor-grid-item post-10906 post type-post status-publish format-standard has-post-thumbnail hentry category-courses category-summer-schools\">\n\t\t\t<div class=\"elementor-post__card\">\n\t\t\t\t<a class=\"elementor-post__thumbnail__link\" href=\"https:\/\/bodruminstitute.com\/en\/current-issues-in-middle-east-politics-summer-school-1\/\" tabindex=\"-1\" ><div class=\"elementor-post__thumbnail\"><img loading=\"lazy\" decoding=\"async\" width=\"300\" height=\"200\" src=\"https:\/\/bodruminstitute.com\/wp-content\/uploads\/2024\/07\/Current-Issues-in-Middle-East-Politics_4.png\" class=\"attachment-medium size-medium wp-image-9140\" alt=\"\" \/><\/div><\/a>\n\t\t\t\t<div class=\"elementor-post__badge\">COURSES<\/div>\n\t\t\t\t<div class=\"elementor-post__text\">\n\t\t\t\t<h3 class=\"elementor-post__title\">\n\t\t\t<a href=\"https:\/\/bodruminstitute.com\/en\/current-issues-in-middle-east-politics-summer-school-1\/\" >\n\t\t\t\tCurrent Issues in Middle East Politics Summer School\t\t\t<\/a>\n\t\t<\/h3>\n\t\t\t\t<div class=\"elementor-post__excerpt\">\n\t\t\t<p>Current Issues in Middle East Politics Summer School Asst. Prof. Dr. G\u00fclriz \u015eenProf. Dr.\u00a0\u00d6zlem T\u00fcrProf. Dr. Meliha Altun\u0131\u015f\u0131kAssoc. Prof. Dr. Eduard Soler i LechaProf. Dr.<\/p>\n\t\t<\/div>\n\t\t\n\t\t<a class=\"elementor-post__read-more\" href=\"https:\/\/bodruminstitute.com\/en\/current-issues-in-middle-east-politics-summer-school-1\/\" aria-label=\"Read more about Current Issues in Middle East Politics Summer School\" tabindex=\"-1\" >\n\t\t\tRead More \u00bb\t\t<\/a>\n\n\t\t\t\t<\/div>\n\t\t\t\t<div class=\"elementor-post__meta-data\">\n\t\t\t\t\t<span class=\"elementor-post-date\">\n\t\t\tJune 8, 2024\t\t<\/span>\n\t\t\t\t<\/div>\n\t\t\t\t\t<\/div>\n\t\t<\/article>\n\t\t\t\t<article class=\"elementor-post elementor-grid-item post-8753 post type-post status-publish format-standard has-post-thumbnail hentry category-courses category-summer-schools\">\n\t\t\t<div class=\"elementor-post__card\">\n\t\t\t\t<a class=\"elementor-post__thumbnail__link\" href=\"https:\/\/bodruminstitute.com\/en\/archeopolitics-summer-school\/\" tabindex=\"-1\" ><div class=\"elementor-post__thumbnail\"><img loading=\"lazy\" decoding=\"async\" width=\"300\" height=\"200\" src=\"https:\/\/bodruminstitute.com\/wp-content\/uploads\/2024\/07\/Archeopolitics-Summer-School_4.png\" class=\"attachment-medium size-medium wp-image-9141\" alt=\"\" \/><\/div><\/a>\n\t\t\t\t<div class=\"elementor-post__badge\">COURSES<\/div>\n\t\t\t\t<div class=\"elementor-post__text\">\n\t\t\t\t<h3 class=\"elementor-post__title\">\n\t\t\t<a href=\"https:\/\/bodruminstitute.com\/en\/archeopolitics-summer-school\/\" >\n\t\t\t\tArcheopolitics Summer School\t\t\t<\/a>\n\t\t<\/h3>\n\t\t\t\t<div class=\"elementor-post__excerpt\">\n\t\t\t<p>Archeopolitics: The Invention of State and its Evolution Prof. Dr. Erdem DenkProf. Dr. Mehmet \u00d6zdo\u011fan Bodrum\/T\u00dcRK\u0130YE(19-24 May 2024) Bodrum+\u00a0Institute\u00a0will be organizing the Summer School for\u00a0&#8220;Archeopolitics:<\/p>\n\t\t<\/div>\n\t\t\n\t\t<a class=\"elementor-post__read-more\" href=\"https:\/\/bodruminstitute.com\/en\/archeopolitics-summer-school\/\" aria-label=\"Read more about Archeopolitics Summer School\" tabindex=\"-1\" >\n\t\t\tRead More \u00bb\t\t<\/a>\n\n\t\t\t\t<\/div>\n\t\t\t\t<div class=\"elementor-post__meta-data\">\n\t\t\t\t\t<span class=\"elementor-post-date\">\n\t\t\tApril 1, 2024\t\t<\/span>\n\t\t\t\t<\/div>\n\t\t\t\t\t<\/div>\n\t\t<\/article>\n\t\t\t\t<article class=\"elementor-post elementor-grid-item post-12372 post type-post status-publish format-standard has-post-thumbnail hentry category-activities category-summer-schools\">\n\t\t\t<div class=\"elementor-post__card\">\n\t\t\t\t<a class=\"elementor-post__thumbnail__link\" href=\"https:\/\/bodruminstitute.com\/en\/jean-monnet-module-project-summer-school-green-deal-sustainable-trade-and-turkeys-integration-summer-school\/\" tabindex=\"-1\" ><div class=\"elementor-post__thumbnail\"><img loading=\"lazy\" decoding=\"async\" width=\"300\" height=\"200\" src=\"https:\/\/bodruminstitute.com\/wp-content\/uploads\/2023\/09\/Bodrum-Institute-Siyaset-Bilimi-ve-Uluslararasi-I\u0307lis\u0327kiler-1-300x200.jpg\" class=\"attachment-medium size-medium wp-image-12388\" alt=\"\" srcset=\"https:\/\/bodruminstitute.com\/wp-content\/uploads\/2023\/09\/Bodrum-Institute-Siyaset-Bilimi-ve-Uluslararasi-I\u0307lis\u0327kiler-1-300x200.jpg 300w, https:\/\/bodruminstitute.com\/wp-content\/uploads\/2023\/09\/Bodrum-Institute-Siyaset-Bilimi-ve-Uluslararasi-I\u0307lis\u0327kiler-1-768x512.jpg 768w, https:\/\/bodruminstitute.com\/wp-content\/uploads\/2023\/09\/Bodrum-Institute-Siyaset-Bilimi-ve-Uluslararasi-I\u0307lis\u0327kiler-1.jpg 1000w\" sizes=\"(max-width: 300px) 100vw, 300px\" \/><\/div><\/a>\n\t\t\t\t<div class=\"elementor-post__badge\">ACTIVITIES<\/div>\n\t\t\t\t<div class=\"elementor-post__text\">\n\t\t\t\t<h3 class=\"elementor-post__title\">\n\t\t\t<a href=\"https:\/\/bodruminstitute.com\/en\/jean-monnet-module-project-summer-school-green-deal-sustainable-trade-and-turkeys-integration-summer-school\/\" >\n\t\t\t\tJean Monnet Module Project Summer School: Green Deal, Sustainable Trade, and Turkey\u2019s Integration Summer School \u00a0\t\t\t<\/a>\n\t\t<\/h3>\n\t\t\t\t<div class=\"elementor-post__excerpt\">\n\t\t\t<p>Green Deal, Sustainable Trade, and Turkey\u2019s Integration Summer School Organized in collaboration between Bodrum+ Institute and Istanbul Medipol University, the \u201cGreen Deal, Sustainable Trade, and<\/p>\n\t\t<\/div>\n\t\t\n\t\t<a class=\"elementor-post__read-more\" href=\"https:\/\/bodruminstitute.com\/en\/jean-monnet-module-project-summer-school-green-deal-sustainable-trade-and-turkeys-integration-summer-school\/\" aria-label=\"Read more about Jean Monnet Module Project Summer School: Green Deal, Sustainable Trade, and Turkey\u2019s Integration Summer School \u00a0\" tabindex=\"-1\" >\n\t\t\tRead More \u00bb\t\t<\/a>\n\n\t\t\t\t<\/div>\n\t\t\t\t<div class=\"elementor-post__meta-data\">\n\t\t\t\t\t<span class=\"elementor-post-date\">\n\t\t\tSeptember 9, 2023\t\t<\/span>\n\t\t\t\t<\/div>\n\t\t\t\t\t<\/div>\n\t\t<\/article>\n\t\t\t\t<\/div>\n\t\t\t\t\t<span class=\"e-load-more-spinner\">\n\t\t\t\t<i aria-hidden=\"true\" class=\"fas fa-spinner\"><\/i>\t\t\t<\/span>\n\t\t\n\t\t\t\t<div class=\"e-load-more-anchor\" data-page=\"1\" data-max-page=\"2\" data-next-page=\"https:\/\/bodruminstitute.com\/en\/wp-json\/wp\/v2\/pages\/9360\/page\/2\/\"><\/div>\n\t\t\t\t<div class=\"e-load-more-message\"><\/div>\n\t\t\t\t<\/div>\n\t\t\t\t<\/div>\n\t\t\t\t\t<\/div>\n\t\t\t\t<\/div>\n\t\t\t\t<\/div>\n\t\t","protected":false},"excerpt":{"rendered":"<p>Summer Schools<\/p>\n","protected":false},"author":1,"featured_media":0,"parent":9364,"menu_order":0,"comment_status":"closed","ping_status":"closed","template":"","meta":{"footnotes":""},"class_list":["post-9360","page","type-page","status-publish","hentry"],"yoast_head":"<!-- This site is optimized with the Yoast SEO plugin v23.3 - https:\/\/yoast.com\/wordpress\/plugins\/seo\/ -->\n<title>Summer Schools - Bodrum Institute<\/title>\n<meta name=\"robots\" content=\"index, follow, max-snippet:-1, max-image-preview:large, max-video-preview:-1\" \/>\n<link rel=\"canonical\" href=\"https:\/\/bodruminstitute.com\/en\/student\/summer-schools\/\" \/>\n<meta property=\"og:locale\" content=\"en_US\" \/>\n<meta property=\"og:type\" content=\"article\" \/>\n<meta property=\"og:title\" content=\"Summer Schools - Bodrum Institute\" \/>\n<meta property=\"og:description\" content=\"Summer Schools\" \/>\n<meta property=\"og:url\" content=\"https:\/\/bodruminstitute.com\/en\/student\/summer-schools\/\" \/>\n<meta property=\"og:site_name\" content=\"Bodrum Institute\" \/>\n<meta property=\"article:modified_time\" content=\"2025-01-31T17:49:10+00:00\" \/>\n<meta name=\"twitter:card\" content=\"summary_large_image\" \/>\n<meta name=\"twitter:label1\" content=\"Est. reading time\" \/>\n\t<meta name=\"twitter:data1\" content=\"1 minute\" \/>\n<script type=\"application\/ld+json\" class=\"yoast-schema-graph\">{\"@context\":\"https:\/\/schema.org\",\"@graph\":[{\"@type\":\"WebPage\",\"@id\":\"https:\/\/bodruminstitute.com\/en\/student\/summer-schools\/\",\"url\":\"https:\/\/bodruminstitute.com\/en\/student\/summer-schools\/\",\"name\":\"Summer Schools - Bodrum Institute\",\"isPartOf\":{\"@id\":\"https:\/\/bodruminstitute.com\/#website\"},\"datePublished\":\"2024-07-17T13:53:00+00:00\",\"dateModified\":\"2025-01-31T17:49:10+00:00\",\"breadcrumb\":{\"@id\":\"https:\/\/bodruminstitute.com\/en\/student\/summer-schools\/#breadcrumb\"},\"inLanguage\":\"en-US\",\"potentialAction\":[{\"@type\":\"ReadAction\",\"target\":[\"https:\/\/bodruminstitute.com\/en\/student\/summer-schools\/\"]}]},{\"@type\":\"BreadcrumbList\",\"@id\":\"https:\/\/bodruminstitute.com\/en\/student\/summer-schools\/#breadcrumb\",\"itemListElement\":[{\"@type\":\"ListItem\",\"position\":1,\"name\":\"Home\",\"item\":\"https:\/\/bodruminstitute.com\/\"},{\"@type\":\"ListItem\",\"position\":2,\"name\":\"Student\",\"item\":\"https:\/\/bodruminstitute.com\/en\/student\/\"},{\"@type\":\"ListItem\",\"position\":3,\"name\":\"Summer Schools\"}]},{\"@type\":\"WebSite\",\"@id\":\"https:\/\/bodruminstitute.com\/#website\",\"url\":\"https:\/\/bodruminstitute.com\/\",\"name\":\"Bodrum Institute\",\"description\":\"\",\"publisher\":{\"@id\":\"https:\/\/bodruminstitute.com\/#organization\"},\"potentialAction\":[{\"@type\":\"SearchAction\",\"target\":{\"@type\":\"EntryPoint\",\"urlTemplate\":\"https:\/\/bodruminstitute.com\/?s={search_term_string}\"},\"query-input\":\"required name=search_term_string\"}],\"inLanguage\":\"en-US\"},{\"@type\":\"Organization\",\"@id\":\"https:\/\/bodruminstitute.com\/#organization\",\"name\":\"Bodrum Institute\",\"url\":\"https:\/\/bodruminstitute.com\/\",\"logo\":{\"@type\":\"ImageObject\",\"inLanguage\":\"en-US\",\"@id\":\"https:\/\/bodruminstitute.com\/#\/schema\/logo\/image\/\",\"url\":\"https:\/\/bodruminstitute.com\/wp-content\/uploads\/2024\/06\/Bodrum-Institute-Logo_PNG.png\",\"contentUrl\":\"https:\/\/bodruminstitute.com\/wp-content\/uploads\/2024\/06\/Bodrum-Institute-Logo_PNG.png\",\"width\":6912,\"height\":3456,\"caption\":\"Bodrum Institute\"},\"image\":{\"@id\":\"https:\/\/bodruminstitute.com\/#\/schema\/logo\/image\/\"}}]}<\/script>\n<!-- \/ Yoast SEO plugin. -->","yoast_head_json":{"title":"Summer Schools - Bodrum Institute","robots":{"index":"index","follow":"follow","max-snippet":"max-snippet:-1","max-image-preview":"max-image-preview:large","max-video-preview":"max-video-preview:-1"},"canonical":"https:\/\/bodruminstitute.com\/en\/student\/summer-schools\/","og_locale":"en_US","og_type":"article","og_title":"Summer Schools - Bodrum Institute","og_description":"Summer Schools","og_url":"https:\/\/bodruminstitute.com\/en\/student\/summer-schools\/","og_site_name":"Bodrum Institute","article_modified_time":"2025-01-31T17:49:10+00:00","twitter_card":"summary_large_image","twitter_misc":{"Est. reading time":"1 minute"},"schema":{"@context":"https:\/\/schema.org","@graph":[{"@type":"WebPage","@id":"https:\/\/bodruminstitute.com\/en\/student\/summer-schools\/","url":"https:\/\/bodruminstitute.com\/en\/student\/summer-schools\/","name":"Summer Schools - Bodrum Institute","isPartOf":{"@id":"https:\/\/bodruminstitute.com\/#website"},"datePublished":"2024-07-17T13:53:00+00:00","dateModified":"2025-01-31T17:49:10+00:00","breadcrumb":{"@id":"https:\/\/bodruminstitute.com\/en\/student\/summer-schools\/#breadcrumb"},"inLanguage":"en-US","potentialAction":[{"@type":"ReadAction","target":["https:\/\/bodruminstitute.com\/en\/student\/summer-schools\/"]}]},{"@type":"BreadcrumbList","@id":"https:\/\/bodruminstitute.com\/en\/student\/summer-schools\/#breadcrumb","itemListElement":[{"@type":"ListItem","position":1,"name":"Home","item":"https:\/\/bodruminstitute.com\/"},{"@type":"ListItem","position":2,"name":"Student","item":"https:\/\/bodruminstitute.com\/en\/student\/"},{"@type":"ListItem","position":3,"name":"Summer Schools"}]},{"@type":"WebSite","@id":"https:\/\/bodruminstitute.com\/#website","url":"https:\/\/bodruminstitute.com\/","name":"Bodrum Institute","description":"","publisher":{"@id":"https:\/\/bodruminstitute.com\/#organization"},"potentialAction":[{"@type":"SearchAction","target":{"@type":"EntryPoint","urlTemplate":"https:\/\/bodruminstitute.com\/?s={search_term_string}"},"query-input":"required name=search_term_string"}],"inLanguage":"en-US"},{"@type":"Organization","@id":"https:\/\/bodruminstitute.com\/#organization","name":"Bodrum Institute","url":"https:\/\/bodruminstitute.com\/","logo":{"@type":"ImageObject","inLanguage":"en-US","@id":"https:\/\/bodruminstitute.com\/#\/schema\/logo\/image\/","url":"https:\/\/bodruminstitute.com\/wp-content\/uploads\/2024\/06\/Bodrum-Institute-Logo_PNG.png","contentUrl":"https:\/\/bodruminstitute.com\/wp-content\/uploads\/2024\/06\/Bodrum-Institute-Logo_PNG.png","width":6912,"height":3456,"caption":"Bodrum Institute"},"image":{"@id":"https:\/\/bodruminstitute.com\/#\/schema\/logo\/image\/"}}]}},"_links":{"self":[{"href":"https:\/\/bodruminstitute.com\/en\/wp-json\/wp\/v2\/pages\/9360"}],"collection":[{"href":"https:\/\/bodruminstitute.com\/en\/wp-json\/wp\/v2\/pages"}],"about":[{"href":"https:\/\/bodruminstitute.com\/en\/wp-json\/wp\/v2\/types\/page"}],"author":[{"embeddable":true,"href":"https:\/\/bodruminstitute.com\/en\/wp-json\/wp\/v2\/users\/1"}],"replies":[{"embeddable":true,"href":"https:\/\/bodruminstitute.com\/en\/wp-json\/wp\/v2\/comments?post=9360"}],"version-history":[{"count":15,"href":"https:\/\/bodruminstitute.com\/en\/wp-json\/wp\/v2\/pages\/9360\/revisions"}],"predecessor-version":[{"id":10158,"href":"https:\/\/bodruminstitute.com\/en\/wp-json\/wp\/v2\/pages\/9360\/revisions\/10158"}],"up":[{"embeddable":true,"href":"https:\/\/bodruminstitute.com\/en\/wp-json\/wp\/v2\/pages\/9364"}],"wp:attachment":[{"href":"https:\/\/bodruminstitute.com\/en\/wp-json\/wp\/v2\/media?parent=9360"}],"curies":[{"name":"wp","href":"https:\/\/api.w.org\/{rel}","templated":true}]}}